{"id":7351,"date":"2024-12-18T17:34:18","date_gmt":"2024-12-18T17:34:18","guid":{"rendered":"https:\/\/eurolefesa.com\/politique-des-cookies\/"},"modified":"2024-12-18T17:51:58","modified_gmt":"2024-12-18T17:51:58","slug":"politique-des-cookies","status":"publish","type":"page","link":"https:\/\/eurolefesa.com\/fr\/politique-des-cookies\/","title":{"rendered":"Politique des Cookies"},"content":{"rendered":"\t\t<div data-elementor-type=\"wp-page\" data-elementor-id=\"7351\" class=\"elementor elementor-7351 elementor-7333\" data-elementor-post-type=\"page\">\n\t\t\t\t<div class=\"elementor-element elementor-element-573d4c0 e-flex e-con-boxed e-con e-parent\" data-id=\"573d4c0\" data-element_type=\"container\">\n\t\t\t\t\t<div class=\"e-con-inner\">\n\t\t\t\t<div class=\"elementor-element elementor-element-340e6b2 elementor-widget elementor-widget-text-editor\" data-id=\"340e6b2\" data-element_type=\"widget\" data-widget_type=\"text-editor.default\">\n\t\t\t\t<div class=\"elementor-widget-container\">\n\t\t\t\t\t\t\t\t\t<style>\n    a.cky-banner-element {\n        padding: 8px 30px;\n        background: #F8F9FA;\n        color: #858A8F;\n        border: 1px solid #DEE2E6;\n        box-sizing: border-box;\n        border-radius: 2px;\n        cursor: pointer;\n}\n<\/style>\n<h1 class=\"cookie-policy-h1\">Politique des Cookies<\/h1>\n<p> Date d&rsquo;effet : 18-D\u00e9c-2024<br>Derni\u00e8re mise \u00e0 jour : 18-D\u00e9c-2024 <\/p>\n\n&nbsp;\n<h5>Que sont les cookies ?<\/h5>\n<div class=\"cookie-policy-p\"><p>Cette Politique des Cookies explique ce que sont les cookies et comment nous les utilisons, les types de cookies que nous utilisons, c&rsquo;est-\u00e0-dire les informations que nous recueillons \u00e0 l&rsquo;aide des cookies et comment ces informations sont utilis\u00e9es, et comment g\u00e9rer les param\u00e8tres des cookies.<\/p> <p>Les cookies sont de petits fichiers texte qui sont utilis\u00e9s pour stocker de petites informations. Ils sont stock\u00e9s sur votre appareil lorsque le site web est charg\u00e9 sur votre navigateur. Ces cookies nous aident \u00e0 faire fonctionner correctement le site web, \u00e0 le rendre plus s\u00e9curis\u00e9, \u00e0 fournir une meilleure exp\u00e9rience utilisateur, et \u00e0 comprendre comment le site web fonctionne et \u00e0 analyser ce qui fonctionne et ce qui n\u00e9cessite une am\u00e9lioration.<\/p><\/div>\n\n&nbsp;\n<h5>Comment utilisons-nous les cookies ?<\/h5>\n<div class=\"cookie-policy-p\"><p>Comme la plupart des services en ligne, notre site web utilise des cookies propres et de tiers \u00e0 plusieurs fins. Les cookies propres sont principalement n\u00e9cessaires pour que le site web fonctionne correctement, et ils ne collectent aucune de vos donn\u00e9es personnelles identifiables.<\/p> <p>Les cookies tiers utilis\u00e9s sur notre site sont principalement destin\u00e9s \u00e0 comprendre comment le site fonctionne, comment vous interagissez avec notre site, \u00e0 maintenir nos services s\u00e9curis\u00e9s, \u00e0 fournir des publicit\u00e9s qui vous sont pertinentes, et globalement \u00e0 vous offrir une meilleure exp\u00e9rience utilisateur et \u00e0 acc\u00e9l\u00e9rer vos futures interactions avec notre site.<\/p><\/div>\n\n&nbsp;\n<h5>Types de Cookies que Nous Utilisons<\/h5>\n\n<div class=\"cky-audit-table-element\"><\/div>\n\n&nbsp;\n<h5 style=\"margin-bottom:20px;\">G\u00e9rer les pr\u00e9f\u00e9rences de cookies<\/h5>\n\n<a class=\"cky-banner-element\">Param\u00e8tres des Cookies<\/a> <br><br>\n\n<div><p>Vous pouvez changer vos pr\u00e9f\u00e9rences de cookies \u00e0 tout moment en cliquant sur le bouton ci-dessus. Cela vous permettra de revisiter la banni\u00e8re de consentement aux cookies et de changer vos pr\u00e9f\u00e9rences ou de retirer votre consentement imm\u00e9diatement. <\/p> <p>De plus, diff\u00e9rents navigateurs offrent diff\u00e9rentes m\u00e9thodes pour bloquer et supprimer les cookies utilis\u00e9s par les sites web. Vous pouvez changer les param\u00e8tres de votre navigateur pour bloquer\/supprimer les cookies. Ci-dessous sont list\u00e9s les liens vers les documents de support sur la gestion et la suppression des cookies des principaux navigateurs web.<\/p> <p>Chrome: <a target=\"_blank\" href=\"https:\/\/support.google.com\/accounts\/answer\/32050\">https:\/\/support.google.com\/accounts\/answer\/32050<\/a><\/p><p>Safari: <a target=\"_blank\" href=\"https:\/\/support.apple.com\/en-in\/guide\/safari\/sfri11471\/mac\">https:\/\/support.apple.com\/en-in\/guide\/safari\/sfri11471\/mac<\/a><\/p><p>Firefox: <a target=\"_blank\" href=\"https:\/\/support.mozilla.org\/en-US\/kb\/clear-cookies-and-site-data-firefox?redirectslug=delete-cookies-remove-info-websites-stored&amp;redirectlocale=en-US\">https:\/\/support.mozilla.org\/en-US\/kb\/clear-cookies-and-site-data-firefox?redirectslug=delete-cookies-remove-info-websites-stored&amp;redirectlocale=en-US<\/a><\/p><p>Internet Explorer: <a target=\"_blank\" href=\"https:\/\/support.microsoft.com\/en-us\/topic\/how-to-delete-cookie-files-in-internet-explorer-bca9446f-d873-78de-77ba-d42645fa52fc\">https:\/\/support.microsoft.com\/en-us\/topic\/how-to-delete-cookie-files-in-internet-explorer-bca9446f-d873-78de-77ba-d42645fa52fc<\/a><\/p><p>Si vous utilisez un autre navigateur web, veuillez consulter les documents de support officiels de votre navigateur.<\/p><\/div>\n\n\n&nbsp;\n<p class=\"cookie-policy-p\"> Politique des Cookies G\u00e9n\u00e9r\u00e9e par <a target=\"_blank\" href=\"https:\/\/www.cookieyes.com\/?utm_source=CP&amp;utm_medium=footer&amp;utm_campaign=UW\">CookieYes &#8211; Generador de Pol\u00edticas de Cookies<\/a>. <\/p>\n\t\t\t\t\t\t\t\t<\/div>\n\t\t\t\t<\/div>\n\t\t\t\t\t<\/div>\n\t\t\t\t<\/div>\n\t\t\t\t<\/div>\n\t\t","protected":false},"excerpt":{"rendered":"<p>Politique des Cookies Date d&rsquo;effet : 18-D\u00e9c-2024Derni\u00e8re mise \u00e0 jour : 18-D\u00e9c-2024 &nbsp; Que sont les cookies ? Cette Politique des Cookies explique ce que sont les cookies et comment nous les utilisons, les types de cookies que nous utilisons, c&rsquo;est-\u00e0-dire les informations que nous recueillons \u00e0 l&rsquo;aide des cookies et comment ces informations sont <a href=\"https:\/\/eurolefesa.com\/fr\/politique-des-cookies\/\" class=\"more-link\">&#8230;<span class=\"screen-reader-text\">  Politique des Cookies<\/span><\/a><\/p>\n","protected":false},"author":123,"featured_media":0,"parent":0,"menu_order":0,"comment_status":"closed","ping_status":"closed","template":"","meta":{"footnotes":""},"class_list":["post-7351","page","type-page","status-publish","hentry"],"yoast_head":"<!-- This site is optimized with the Yoast SEO plugin v24.1 - https:\/\/yoast.com\/wordpress\/plugins\/seo\/ -->\n<title>Politique des Cookies - EuroLefesa<\/title>\n<meta name=\"robots\" content=\"noindex, nofollow\" \/>\n<meta property=\"og:locale\" content=\"fr_FR\" \/>\n<meta property=\"og:type\" content=\"article\" \/>\n<meta property=\"og:title\" content=\"Politique des Cookies - EuroLefesa\" \/>\n<meta property=\"og:description\" content=\"Politique des Cookies Date d&rsquo;effet : 18-D\u00e9c-2024Derni\u00e8re mise \u00e0 jour : 18-D\u00e9c-2024 &nbsp; Que sont les cookies ? Cette Politique des Cookies explique ce que sont les cookies et comment nous les utilisons, les types de cookies que nous utilisons, c&rsquo;est-\u00e0-dire les informations que nous recueillons \u00e0 l&rsquo;aide des cookies et comment ces informations sont ... Politique des Cookies\" \/>\n<meta property=\"og:url\" content=\"https:\/\/eurolefesa.com\/fr\/politique-des-cookies\/\" \/>\n<meta property=\"og:site_name\" content=\"EuroLefesa\" \/>\n<meta property=\"article:modified_time\" content=\"2024-12-18T17:51:58+00:00\" \/>\n<meta name=\"twitter:card\" content=\"summary_large_image\" \/>\n<meta name=\"twitter:label1\" content=\"Dur\u00e9e de lecture estim\u00e9e\" \/>\n\t<meta name=\"twitter:data1\" content=\"2 minutes\" \/>\n<script type=\"application\/ld+json\" class=\"yoast-schema-graph\">{\"@context\":\"https:\/\/schema.org\",\"@graph\":[{\"@type\":\"WebPage\",\"@id\":\"https:\/\/eurolefesa.com\/fr\/politique-des-cookies\/\",\"url\":\"https:\/\/eurolefesa.com\/fr\/politique-des-cookies\/\",\"name\":\"Politique des Cookies - EuroLefesa\",\"isPartOf\":{\"@id\":\"https:\/\/eurolefesa.com\/fr\/#website\"},\"datePublished\":\"2024-12-18T17:34:18+00:00\",\"dateModified\":\"2024-12-18T17:51:58+00:00\",\"breadcrumb\":{\"@id\":\"https:\/\/eurolefesa.com\/fr\/politique-des-cookies\/#breadcrumb\"},\"inLanguage\":\"fr-FR\",\"potentialAction\":[{\"@type\":\"ReadAction\",\"target\":[\"https:\/\/eurolefesa.com\/fr\/politique-des-cookies\/\"]}]},{\"@type\":\"BreadcrumbList\",\"@id\":\"https:\/\/eurolefesa.com\/fr\/politique-des-cookies\/#breadcrumb\",\"itemListElement\":[{\"@type\":\"ListItem\",\"position\":1,\"name\":\"Portada\",\"item\":\"https:\/\/eurolefesa.com\/fr\/\"},{\"@type\":\"ListItem\",\"position\":2,\"name\":\"Politique des Cookies\"}]},{\"@type\":\"WebSite\",\"@id\":\"https:\/\/eurolefesa.com\/fr\/#website\",\"url\":\"https:\/\/eurolefesa.com\/fr\/\",\"name\":\"EuroLefesa\",\"description\":\"Transporte de mercanc\u00edas por carretera, log\u00edstica.\",\"publisher\":{\"@id\":\"https:\/\/eurolefesa.com\/fr\/#organization\"},\"potentialAction\":[{\"@type\":\"SearchAction\",\"target\":{\"@type\":\"EntryPoint\",\"urlTemplate\":\"https:\/\/eurolefesa.com\/fr\/?s={search_term_string}\"},\"query-input\":{\"@type\":\"PropertyValueSpecification\",\"valueRequired\":true,\"valueName\":\"search_term_string\"}}],\"inLanguage\":\"fr-FR\"},{\"@type\":\"Organization\",\"@id\":\"https:\/\/eurolefesa.com\/fr\/#organization\",\"name\":\"EuroLefesa\",\"url\":\"https:\/\/eurolefesa.com\/fr\/\",\"logo\":{\"@type\":\"ImageObject\",\"inLanguage\":\"fr-FR\",\"@id\":\"https:\/\/eurolefesa.com\/fr\/#\/schema\/logo\/image\/\",\"url\":\"https:\/\/eurolefesa.com\/wp-content\/uploads\/2021\/04\/logo_eurolefesa_trans.png\",\"contentUrl\":\"https:\/\/eurolefesa.com\/wp-content\/uploads\/2021\/04\/logo_eurolefesa_trans.png\",\"width\":500,\"height\":130,\"caption\":\"EuroLefesa\"},\"image\":{\"@id\":\"https:\/\/eurolefesa.com\/fr\/#\/schema\/logo\/image\/\"}}]}<\/script>\n<!-- \/ Yoast SEO plugin. -->","yoast_head_json":{"title":"Politique des Cookies - EuroLefesa","robots":{"index":"noindex","follow":"nofollow"},"og_locale":"fr_FR","og_type":"article","og_title":"Politique des Cookies - EuroLefesa","og_description":"Politique des Cookies Date d&rsquo;effet : 18-D\u00e9c-2024Derni\u00e8re mise \u00e0 jour : 18-D\u00e9c-2024 &nbsp; Que sont les cookies ? Cette Politique des Cookies explique ce que sont les cookies et comment nous les utilisons, les types de cookies que nous utilisons, c&rsquo;est-\u00e0-dire les informations que nous recueillons \u00e0 l&rsquo;aide des cookies et comment ces informations sont ... Politique des Cookies","og_url":"https:\/\/eurolefesa.com\/fr\/politique-des-cookies\/","og_site_name":"EuroLefesa","article_modified_time":"2024-12-18T17:51:58+00:00","twitter_card":"summary_large_image","twitter_misc":{"Dur\u00e9e de lecture estim\u00e9e":"2 minutes"},"schema":{"@context":"https:\/\/schema.org","@graph":[{"@type":"WebPage","@id":"https:\/\/eurolefesa.com\/fr\/politique-des-cookies\/","url":"https:\/\/eurolefesa.com\/fr\/politique-des-cookies\/","name":"Politique des Cookies - EuroLefesa","isPartOf":{"@id":"https:\/\/eurolefesa.com\/fr\/#website"},"datePublished":"2024-12-18T17:34:18+00:00","dateModified":"2024-12-18T17:51:58+00:00","breadcrumb":{"@id":"https:\/\/eurolefesa.com\/fr\/politique-des-cookies\/#breadcrumb"},"inLanguage":"fr-FR","potentialAction":[{"@type":"ReadAction","target":["https:\/\/eurolefesa.com\/fr\/politique-des-cookies\/"]}]},{"@type":"BreadcrumbList","@id":"https:\/\/eurolefesa.com\/fr\/politique-des-cookies\/#breadcrumb","itemListElement":[{"@type":"ListItem","position":1,"name":"Portada","item":"https:\/\/eurolefesa.com\/fr\/"},{"@type":"ListItem","position":2,"name":"Politique des Cookies"}]},{"@type":"WebSite","@id":"https:\/\/eurolefesa.com\/fr\/#website","url":"https:\/\/eurolefesa.com\/fr\/","name":"EuroLefesa","description":"Transporte de mercanc\u00edas por carretera, log\u00edstica.","publisher":{"@id":"https:\/\/eurolefesa.com\/fr\/#organization"},"potentialAction":[{"@type":"SearchAction","target":{"@type":"EntryPoint","urlTemplate":"https:\/\/eurolefesa.com\/fr\/?s={search_term_string}"},"query-input":{"@type":"PropertyValueSpecification","valueRequired":true,"valueName":"search_term_string"}}],"inLanguage":"fr-FR"},{"@type":"Organization","@id":"https:\/\/eurolefesa.com\/fr\/#organization","name":"EuroLefesa","url":"https:\/\/eurolefesa.com\/fr\/","logo":{"@type":"ImageObject","inLanguage":"fr-FR","@id":"https:\/\/eurolefesa.com\/fr\/#\/schema\/logo\/image\/","url":"https:\/\/eurolefesa.com\/wp-content\/uploads\/2021\/04\/logo_eurolefesa_trans.png","contentUrl":"https:\/\/eurolefesa.com\/wp-content\/uploads\/2021\/04\/logo_eurolefesa_trans.png","width":500,"height":130,"caption":"EuroLefesa"},"image":{"@id":"https:\/\/eurolefesa.com\/fr\/#\/schema\/logo\/image\/"}}]}},"_links":{"self":[{"href":"https:\/\/eurolefesa.com\/fr\/wp-json\/wp\/v2\/pages\/7351","targetHints":{"allow":["GET"]}}],"collection":[{"href":"https:\/\/eurolefesa.com\/fr\/wp-json\/wp\/v2\/pages"}],"about":[{"href":"https:\/\/eurolefesa.com\/fr\/wp-json\/wp\/v2\/types\/page"}],"author":[{"embeddable":true,"href":"https:\/\/eurolefesa.com\/fr\/wp-json\/wp\/v2\/users\/123"}],"replies":[{"embeddable":true,"href":"https:\/\/eurolefesa.com\/fr\/wp-json\/wp\/v2\/comments?post=7351"}],"version-history":[{"count":0,"href":"https:\/\/eurolefesa.com\/fr\/wp-json\/wp\/v2\/pages\/7351\/revisions"}],"wp:attachment":[{"href":"https:\/\/eurolefesa.com\/fr\/wp-json\/wp\/v2\/media?parent=7351"}],"curies":[{"name":"wp","href":"https:\/\/api.w.org\/{rel}","templated":true}]}}